{"id":35499,"date":"2018-04-03T08:21:12","date_gmt":"2018-04-03T07:21:12","guid":{"rendered":"http:\/\/www.greeniberica.com\/information"},"modified":"2018-04-03T09:03:37","modified_gmt":"2018-04-03T08:03:37","slug":"information","status":"publish","type":"page","link":"https:\/\/greeniberica.com\/fr\/information","title":{"rendered":"Information"},"content":{"rendered":"<p>[et_pb_section fb_built=\u00a0\u00bb1&Prime; fullwidth=\u00a0\u00bbon\u00a0\u00bb _builder_version=\u00a0\u00bb3.0.105&Prime; bottom_divider_color=\u00a0\u00bb#ffffff\u00a0\u00bb][et_pb_fullwidth_slider _builder_version=\u00a0\u00bb3.0.105&Prime; header_font=\u00a0\u00bb||||||||\u00a0\u00bb header_font_size_phone=\u00a0\u00bb44px\u00a0\u00bb header_font_size_last_edited=\u00a0\u00bbon|desktop\u00a0\u00bb body_font=\u00a0\u00bb||||||||\u00a0\u00bb box_shadow_style=\u00a0\u00bbpreset6&Prime; box_shadow_blur=\u00a0\u00bb10px\u00a0\u00bb box_shadow_color=\u00a0\u00bbrgba(0,0,0,0.1)\u00a0\u00bb][et_pb_slide heading=\u00a0\u00bbINFORMATION \u00a0\u00bb use_bg_overlay=\u00a0\u00bboff\u00a0\u00bb arrows_custom_color=\u00a0\u00bb#007a44&Prime; dot_nav_custom_color=\u00a0\u00bb#007a44&Prime; _builder_version=\u00a0\u00bb3.0.105&Prime; header_level=\u00a0\u00bbh1&Prime; header_font=\u00a0\u00bb|700|||||||\u00a0\u00bb header_font_size=\u00a0\u00bb88px\u00a0\u00bb header_text_color=\u00a0\u00bb#ffffff\u00a0\u00bb header_letter_spacing=\u00a0\u00bb-5px\u00a0\u00bb use_background_color_gradient=\u00a0\u00bbon\u00a0\u00bb background_color_gradient_start=\u00a0\u00bbrgba(0,58,22,0.82)\u00a0\u00bb background_color_gradient_end=\u00a0\u00bbrgba(0,186,40,0.63)\u00a0\u00bb background_color_gradient_direction=\u00a0\u00bb345deg\u00a0\u00bb background_color_gradient_start_position=\u00a0\u00bb28%\u00a0\u00bb background_color_gradient_end_position=\u00a0\u00bb85%\u00a0\u00bb background_color_gradient_overlays_image=\u00a0\u00bbon\u00a0\u00bb background_image=\u00a0\u00bbhttps:\/\/www.greeniberica.com\/wp-content\/uploads\/2018\/02\/vernon-raineil-cenzon-364156-2.jpg\u00a0\u00bb background_blend=\u00a0\u00bbmultiply\u00a0\u00bb text_orientation=\u00a0\u00bbcenter\u00a0\u00bb custom_button=\u00a0\u00bbon\u00a0\u00bb button_text_color=\u00a0\u00bb#ffffff\u00a0\u00bb button_bg_color=\u00a0\u00bb#07aa4f\u00a0\u00bb button_bg_use_color_gradient=\u00a0\u00bbon\u00a0\u00bb button_bg_color_gradient_start=\u00a0\u00bbrgba(0,58,22,0.82)\u00a0\u00bb button_bg_color_gradient_end=\u00a0\u00bbrgba(0,186,40,0.63)\u00a0\u00bb button_bg_color_gradient_direction=\u00a0\u00bb346deg\u00a0\u00bb button_bg_color_gradient_start_position=\u00a0\u00bb28%\u00a0\u00bb button_border_width=\u00a0\u00bb1px\u00a0\u00bb button_border_color=\u00a0\u00bb#007a44&Prime; button_border_radius=\u00a0\u00bb100px\u00a0\u00bb button_font=\u00a0\u00bb||||||||\u00a0\u00bb button_bg_color_hover=\u00a0\u00bb#07aa4f\u00a0\u00bb button_border_color_hover=\u00a0\u00bb#007a44&Prime; box_shadow_style_button=\u00a0\u00bbpreset3&Prime; background_color=\u00a0\u00bb#ffffff\u00a0\u00bb][\/et_pb_slide][\/et_pb_fullwidth_slider][\/et_pb_section][et_pb_section fb_built=\u00a0\u00bb1&Prime; _builder_version=\u00a0\u00bb3.0.93&Prime;][et_pb_row custom_padding=\u00a0\u00bb27px|0px|27px|0px\u00a0\u00bb module_class=\u00a0\u00bbet_animated et_animated et_animated et_animated et_animated et_animated et_animated et_animated et_animated et_animated et_animated et_animated et_animated et_animated et_animated et_animated et_animated et_animated et_animated\u00a0\u00bb _builder_version=\u00a0\u00bb3.0.93&Prime; animation_style=\u00a0\u00bbslide\u00a0\u00bb animation_direction=\u00a0\u00bbleft\u00a0\u00bb animation_duration=\u00a0\u00bb500ms\u00a0\u00bb animation_intensity_slide=\u00a0\u00bb10%\u00a0\u00bb][et_pb_column type=\u00a0\u00bb1_2&Prime; _builder_version=\u00a0\u00bb3.0.47&Prime; parallax=\u00a0\u00bboff\u00a0\u00bb parallax_method=\u00a0\u00bbon\u00a0\u00bb][et_pb_image src=\u00a0\u00bbhttps:\/\/www.greeniberica.com\/wp-content\/uploads\/2018\/01\/INCOTERMS-2020.jpg\u00a0\u00bb _builder_version=\u00a0\u00bb3.0.93&Prime;][\/et_pb_image][et_pb_text _builder_version=\u00a0\u00bb3.0.93&Prime; text_font=\u00a0\u00bb||||||||\u00a0\u00bb]Les INCOTERMS sont des normes internationales de termes commerciaux, d\u00e9velopp\u00e9e, maintenue et promue par la Commission sur le Droit Commercial et les Pratiques Commerciales de la Chambre de Commerce Internationale (CLP-ICC).<\/p>\n<p>Ce sont les INCOTERMS mis \u00e0 jour par la Chambre de Commerce Internationale (ICC) :[\/et_pb_text][et_pb_button button_url=\u00a0\u00bbhttps:\/\/www.greeniberica.com\/fr\/incoterms\u00a0\u00bb button_text=\u00a0\u00bbPlus d&rsquo;informations \u00a0\u00bb _builder_version=\u00a0\u00bb3.0.93&Prime; custom_button=\u00a0\u00bbon\u00a0\u00bb button_text_size=\u00a0\u00bb18&Prime; button_text_color=\u00a0\u00bb#ffffff\u00a0\u00bb button_font=\u00a0\u00bb||||||||\u00a0\u00bb button_letter_spacing_hover=\u00a0\u00bb-1&Prime;][\/et_pb_button][\/et_pb_column][et_pb_column type=\u00a0\u00bb1_2&Prime; _builder_version=\u00a0\u00bb3.0.47&Prime; parallax=\u00a0\u00bboff\u00a0\u00bb parallax_method=\u00a0\u00bbon\u00a0\u00bb][et_pb_image src=\u00a0\u00bbhttps:\/\/www.greeniberica.com\/wp-content\/uploads\/2018\/02\/40_4SD.jpg\u00a0\u00bb align=\u00a0\u00bbcenter\u00a0\u00bb _builder_version=\u00a0\u00bb3.0.102&Prime; max_width=\u00a0\u00bb62%\u00a0\u00bb][\/et_pb_image][et_pb_text _builder_version=\u00a0\u00bb3.0.93&Prime; text_font=\u00a0\u00bb||||||||\u00a0\u00bb]Les conteneurs font partie int\u00e9grante de l&rsquo;ensemble du secteur maritime, du commerce et du transport. Ce sont les structures qui stockent diff\u00e9rents types de produits qui doivent \u00eatre exp\u00e9di\u00e9s d&rsquo;une partie du monde \u00e0 une autre. Selon le type de produits \u00e0 exp\u00e9dier ou les services sp\u00e9ciaux requis, les conteneurs peuvent varier.[\/et_pb_text][et_pb_button button_url=\u00a0\u00bbhttps:\/\/www.greeniberica.com\/fr\/types-de-conteneurs\u00a0\u00bb button_text=\u00a0\u00bbPlus d&rsquo;informations \u00a0\u00bb _builder_version=\u00a0\u00bb3.0.93&Prime; custom_button=\u00a0\u00bbon\u00a0\u00bb button_text_size=\u00a0\u00bb18&Prime; button_text_color=\u00a0\u00bb#ffffff\u00a0\u00bb button_font=\u00a0\u00bb||||||||\u00a0\u00bb button_letter_spacing_hover=\u00a0\u00bb-1&Prime;][\/et_pb_button][\/et_pb_column][\/et_pb_row][\/et_pb_section]<\/p>\n","protected":false},"excerpt":{"rendered":"<p>Les INCOTERMS sont des normes internationales de termes commerciaux, d\u00e9velopp\u00e9e, maintenue et promue par la Commission sur le Droit Commercial et les Pratiques Commerciales de la Chambre de Commerce Internationale (CLP-ICC). Ce sont les INCOTERMS mis \u00e0 jour par la Chambre de Commerce Internationale (ICC) :Les conteneurs font partie int\u00e9grante de l&rsquo;ensemble du secteur maritime, [&hellip;]<\/p>\n","protected":false},"author":3,"featured_media":0,"parent":0,"menu_order":0,"comment_status":"closed","ping_status":"closed","template":"","meta":{"_et_pb_use_builder":"on","_et_pb_old_content":"","_et_gb_content_width":"","footnotes":""},"class_list":["post-35499","page","type-page","status-publish","hentry"],"yoast_head":"<!-- This site is optimized with the Yoast SEO plugin v27.4 - https:\/\/yoast.com\/product\/yoast-seo-wordpress\/ -->\n<title>Information &#187; Green Ib\u00e9rica<\/title>\n<meta name=\"robots\" content=\"index, follow, max-snippet:-1, max-image-preview:large, max-video-preview:-1\" \/>\n<link rel=\"canonical\" href=\"https:\/\/greeniberica.com\/fr\/information\" \/>\n<meta property=\"og:locale\" content=\"fr_FR\" \/>\n<meta property=\"og:type\" content=\"article\" \/>\n<meta property=\"og:title\" content=\"Information &#187; Green Ib\u00e9rica\" \/>\n<meta property=\"og:description\" content=\"Les INCOTERMS sont des normes internationales de termes commerciaux, d\u00e9velopp\u00e9e, maintenue et promue par la Commission sur le Droit Commercial et les Pratiques Commerciales de la Chambre de Commerce Internationale (CLP-ICC). Ce sont les INCOTERMS mis \u00e0 jour par la Chambre de Commerce Internationale (ICC) :Les conteneurs font partie int\u00e9grante de l&#039;ensemble du secteur maritime, [&hellip;]\" \/>\n<meta property=\"og:url\" content=\"https:\/\/greeniberica.com\/fr\/information\" \/>\n<meta property=\"og:site_name\" content=\"Green Ib\u00e9rica\" \/>\n<meta property=\"article:publisher\" content=\"https:\/\/www.facebook.com\/Green-Iberica-Spain-1667880223308261\/\" \/>\n<meta property=\"article:modified_time\" content=\"2018-04-03T08:03:37+00:00\" \/>\n<meta name=\"twitter:card\" content=\"summary_large_image\" \/>\n<meta name=\"twitter:site\" content=\"@GreenIbericaES\" \/>\n<meta name=\"twitter:label1\" content=\"Dur\u00e9e de lecture estim\u00e9e\" \/>\n\t<meta name=\"twitter:data1\" content=\"3 minutes\" \/>\n<script type=\"application\/ld+json\" class=\"yoast-schema-graph\">{\"@context\":\"https:\\\/\\\/schema.org\",\"@graph\":[{\"@type\":\"WebPage\",\"@id\":\"https:\\\/\\\/greeniberica.com\\\/fr\\\/information\",\"url\":\"https:\\\/\\\/greeniberica.com\\\/fr\\\/information\",\"name\":\"Information &#187; Green Ib\u00e9rica\",\"isPartOf\":{\"@id\":\"https:\\\/\\\/greeniberica.com\\\/#website\"},\"datePublished\":\"2018-04-03T07:21:12+00:00\",\"dateModified\":\"2018-04-03T08:03:37+00:00\",\"breadcrumb\":{\"@id\":\"https:\\\/\\\/greeniberica.com\\\/fr\\\/information#breadcrumb\"},\"inLanguage\":\"fr-FR\",\"potentialAction\":[{\"@type\":\"ReadAction\",\"target\":[\"https:\\\/\\\/greeniberica.com\\\/fr\\\/information\"]}]},{\"@type\":\"BreadcrumbList\",\"@id\":\"https:\\\/\\\/greeniberica.com\\\/fr\\\/information#breadcrumb\",\"itemListElement\":[{\"@type\":\"ListItem\",\"position\":1,\"name\":\"Portada\",\"item\":\"https:\\\/\\\/greeniberica.com\\\/fr\"},{\"@type\":\"ListItem\",\"position\":2,\"name\":\"Information\"}]},{\"@type\":\"WebSite\",\"@id\":\"https:\\\/\\\/greeniberica.com\\\/#website\",\"url\":\"https:\\\/\\\/greeniberica.com\\\/\",\"name\":\"Green Ib\u00e9rica (Spain)\",\"description\":\"Agentes Mar\u00edtimos\",\"publisher\":{\"@id\":\"https:\\\/\\\/greeniberica.com\\\/#organization\"},\"potentialAction\":[{\"@type\":\"SearchAction\",\"target\":{\"@type\":\"EntryPoint\",\"urlTemplate\":\"https:\\\/\\\/greeniberica.com\\\/?s={search_term_string}\"},\"query-input\":{\"@type\":\"PropertyValueSpecification\",\"valueRequired\":true,\"valueName\":\"search_term_string\"}}],\"inLanguage\":\"fr-FR\"},{\"@type\":\"Organization\",\"@id\":\"https:\\\/\\\/greeniberica.com\\\/#organization\",\"name\":\"Green Iberica Spain\",\"url\":\"https:\\\/\\\/greeniberica.com\\\/\",\"logo\":{\"@type\":\"ImageObject\",\"inLanguage\":\"fr-FR\",\"@id\":\"https:\\\/\\\/greeniberica.com\\\/#\\\/schema\\\/logo\\\/image\\\/\",\"url\":\"https:\\\/\\\/greeniberica.com\\\/wp-content\\\/uploads\\\/2017\\\/10\\\/Logo-Greeniberica.jpg\",\"contentUrl\":\"https:\\\/\\\/greeniberica.com\\\/wp-content\\\/uploads\\\/2017\\\/10\\\/Logo-Greeniberica.jpg\",\"width\":880,\"height\":307,\"caption\":\"Green Iberica Spain\"},\"image\":{\"@id\":\"https:\\\/\\\/greeniberica.com\\\/#\\\/schema\\\/logo\\\/image\\\/\"},\"sameAs\":[\"https:\\\/\\\/www.facebook.com\\\/Green-Iberica-Spain-1667880223308261\\\/\",\"https:\\\/\\\/x.com\\\/GreenIbericaES\"]}]}<\/script>\n<!-- \/ Yoast SEO plugin. -->","yoast_head_json":{"title":"Information &#187; Green Ib\u00e9rica","robots":{"index":"index","follow":"follow","max-snippet":"max-snippet:-1","max-image-preview":"max-image-preview:large","max-video-preview":"max-video-preview:-1"},"canonical":"https:\/\/greeniberica.com\/fr\/information","og_locale":"fr_FR","og_type":"article","og_title":"Information &#187; Green Ib\u00e9rica","og_description":"Les INCOTERMS sont des normes internationales de termes commerciaux, d\u00e9velopp\u00e9e, maintenue et promue par la Commission sur le Droit Commercial et les Pratiques Commerciales de la Chambre de Commerce Internationale (CLP-ICC). Ce sont les INCOTERMS mis \u00e0 jour par la Chambre de Commerce Internationale (ICC) :Les conteneurs font partie int\u00e9grante de l'ensemble du secteur maritime, [&hellip;]","og_url":"https:\/\/greeniberica.com\/fr\/information","og_site_name":"Green Ib\u00e9rica","article_publisher":"https:\/\/www.facebook.com\/Green-Iberica-Spain-1667880223308261\/","article_modified_time":"2018-04-03T08:03:37+00:00","twitter_card":"summary_large_image","twitter_site":"@GreenIbericaES","twitter_misc":{"Dur\u00e9e de lecture estim\u00e9e":"3 minutes"},"schema":{"@context":"https:\/\/schema.org","@graph":[{"@type":"WebPage","@id":"https:\/\/greeniberica.com\/fr\/information","url":"https:\/\/greeniberica.com\/fr\/information","name":"Information &#187; Green Ib\u00e9rica","isPartOf":{"@id":"https:\/\/greeniberica.com\/#website"},"datePublished":"2018-04-03T07:21:12+00:00","dateModified":"2018-04-03T08:03:37+00:00","breadcrumb":{"@id":"https:\/\/greeniberica.com\/fr\/information#breadcrumb"},"inLanguage":"fr-FR","potentialAction":[{"@type":"ReadAction","target":["https:\/\/greeniberica.com\/fr\/information"]}]},{"@type":"BreadcrumbList","@id":"https:\/\/greeniberica.com\/fr\/information#breadcrumb","itemListElement":[{"@type":"ListItem","position":1,"name":"Portada","item":"https:\/\/greeniberica.com\/fr"},{"@type":"ListItem","position":2,"name":"Information"}]},{"@type":"WebSite","@id":"https:\/\/greeniberica.com\/#website","url":"https:\/\/greeniberica.com\/","name":"Green Ib\u00e9rica (Spain)","description":"Agentes Mar\u00edtimos","publisher":{"@id":"https:\/\/greeniberica.com\/#organization"},"potentialAction":[{"@type":"SearchAction","target":{"@type":"EntryPoint","urlTemplate":"https:\/\/greeniberica.com\/?s={search_term_string}"},"query-input":{"@type":"PropertyValueSpecification","valueRequired":true,"valueName":"search_term_string"}}],"inLanguage":"fr-FR"},{"@type":"Organization","@id":"https:\/\/greeniberica.com\/#organization","name":"Green Iberica Spain","url":"https:\/\/greeniberica.com\/","logo":{"@type":"ImageObject","inLanguage":"fr-FR","@id":"https:\/\/greeniberica.com\/#\/schema\/logo\/image\/","url":"https:\/\/greeniberica.com\/wp-content\/uploads\/2017\/10\/Logo-Greeniberica.jpg","contentUrl":"https:\/\/greeniberica.com\/wp-content\/uploads\/2017\/10\/Logo-Greeniberica.jpg","width":880,"height":307,"caption":"Green Iberica Spain"},"image":{"@id":"https:\/\/greeniberica.com\/#\/schema\/logo\/image\/"},"sameAs":["https:\/\/www.facebook.com\/Green-Iberica-Spain-1667880223308261\/","https:\/\/x.com\/GreenIbericaES"]}]}},"_links":{"self":[{"href":"https:\/\/greeniberica.com\/fr\/wp-json\/wp\/v2\/pages\/35499","targetHints":{"allow":["GET"]}}],"collection":[{"href":"https:\/\/greeniberica.com\/fr\/wp-json\/wp\/v2\/pages"}],"about":[{"href":"https:\/\/greeniberica.com\/fr\/wp-json\/wp\/v2\/types\/page"}],"author":[{"embeddable":true,"href":"https:\/\/greeniberica.com\/fr\/wp-json\/wp\/v2\/users\/3"}],"replies":[{"embeddable":true,"href":"https:\/\/greeniberica.com\/fr\/wp-json\/wp\/v2\/comments?post=35499"}],"version-history":[{"count":6,"href":"https:\/\/greeniberica.com\/fr\/wp-json\/wp\/v2\/pages\/35499\/revisions"}],"predecessor-version":[{"id":35557,"href":"https:\/\/greeniberica.com\/fr\/wp-json\/wp\/v2\/pages\/35499\/revisions\/35557"}],"wp:attachment":[{"href":"https:\/\/greeniberica.com\/fr\/wp-json\/wp\/v2\/media?parent=35499"}],"curies":[{"name":"wp","href":"https:\/\/api.w.org\/{rel}","templated":true}]}}